{"id":30,"date":"2010-05-07T16:30:45","date_gmt":"2010-05-07T13:30:45","guid":{"rendered":"http:\/\/wp10454973.wp216.webpack.hosteurope.de\/wordpress\/?page_id=30"},"modified":"2019-09-27T15:58:22","modified_gmt":"2019-09-27T12:58:22","slug":"chronik","status":"publish","type":"page","link":"https:\/\/www.tc-perl-1975.de\/?page_id=30","title":{"rendered":"Verein"},"content":{"rendered":"<p>Von links:<\/p>\n<ul>\n<li>Klaus Arweiler &#8211; Vereinsvorsitzender<\/li>\n<li>Dietmar Kerber &#8211; Leiter Finanzen<\/li>\n<li>Karin Arweiler &#8211; Leiterin Organisation<\/li>\n<li>Karolin Arweiler &#8211; Marketing und \u00d6ffentlichkeitsarbeit<\/li>\n<li>Georg Meiers &#8211; Sportkoordinator<\/li>\n<li>Nico Kerber &#8211; Koordinator Kinder- und Jugendtennis<\/li>\n<\/ul>\n<p style=\"padding-left: 30px;\"><a href=\"http:\/\/www.tc-perl-1975.de\/wp-content\/uploads\/2019\/09\/TC-Perl-Vorstand-1_Bildgr\u00f6\u00dfe-\u00e4ndern-1.jpg\"><img loading=\"lazy\" class=\"alignleft wp-image-1300 size-full\" src=\"http:\/\/www.tc-perl-1975.de\/wp-content\/uploads\/2019\/09\/TC-Perl-Vorstand-1_Bildgr\u00f6\u00dfe-\u00e4ndern-1.jpg\" alt=\"\" width=\"800\" height=\"535\" srcset=\"https:\/\/www.tc-perl-1975.de\/wp-content\/uploads\/2019\/09\/TC-Perl-Vorstand-1_Bildgr\u00f6\u00dfe-\u00e4ndern-1.jpg 800w, https:\/\/www.tc-perl-1975.de\/wp-content\/uploads\/2019\/09\/TC-Perl-Vorstand-1_Bildgr\u00f6\u00dfe-\u00e4ndern-1-300x201.jpg 300w, https:\/\/www.tc-perl-1975.de\/wp-content\/uploads\/2019\/09\/TC-Perl-Vorstand-1_Bildgr\u00f6\u00dfe-\u00e4ndern-1-768x514.jpg 768w, https:\/\/www.tc-perl-1975.de\/wp-content\/uploads\/2019\/09\/TC-Perl-Vorstand-1_Bildgr\u00f6\u00dfe-\u00e4ndern-1-404x270.jpg 404w\" sizes=\"(max-width: 800px) 100vw, 800px\" \/><\/a><\/p>\n","protected":false},"excerpt":{"rendered":"<p>Von links: Klaus Arweiler &#8211; Vereinsvorsitzender Dietmar Kerber &#8211; Leiter Finanzen Karin Arweiler &#8211; Leiterin Organisation Karolin Arweiler &#8211; Marketing und \u00d6ffentlichkeitsarbeit Georg Meiers &#8211; Sportkoordinator Nico Kerber &#8211; Koordinator Kinder- und Jugendtennis<\/p>\n","protected":false},"author":1,"featured_media":0,"parent":0,"menu_order":1,"comment_status":"closed","ping_status":"closed","template":"","meta":[],"_links":{"self":[{"href":"https:\/\/www.tc-perl-1975.de\/index.php?rest_route=\/wp\/v2\/pages\/30"}],"collection":[{"href":"https:\/\/www.tc-perl-1975.de\/index.php?rest_route=\/wp\/v2\/pages"}],"about":[{"href":"https:\/\/www.tc-perl-1975.de\/index.php?rest_route=\/wp\/v2\/types\/page"}],"author":[{"embeddable":true,"href":"https:\/\/www.tc-perl-1975.de\/index.php?rest_route=\/wp\/v2\/users\/1"}],"replies":[{"embeddable":true,"href":"https:\/\/www.tc-perl-1975.de\/index.php?rest_route=%2Fwp%2Fv2%2Fcomments&post=30"}],"version-history":[{"count":18,"href":"https:\/\/www.tc-perl-1975.de\/index.php?rest_route=\/wp\/v2\/pages\/30\/revisions"}],"predecessor-version":[{"id":1303,"href":"https:\/\/www.tc-perl-1975.de\/index.php?rest_route=\/wp\/v2\/pages\/30\/revisions\/1303"}],"wp:attachment":[{"href":"https:\/\/www.tc-perl-1975.de\/index.php?rest_route=%2Fwp%2Fv2%2Fmedia&parent=30"}],"curies":[{"name":"wp","href":"https:\/\/api.w.org\/{rel}","templated":true}]}}